{"id":7,"date":"2023-08-28T10:16:59","date_gmt":"2023-08-28T10:16:59","guid":{"rendered":"https:\/\/ticket.tennisprojects.eu\/?page_id=7"},"modified":"2023-08-28T10:16:59","modified_gmt":"2023-08-28T10:16:59","slug":"veranstaltungen","status":"publish","type":"page","link":"https:\/\/ticket.tennisprojects.eu\/?page_id=7","title":{"rendered":"Veranstaltungen"},"content":{"rendered":"<div class=\"event_listings\" data-location=\"\" data-keywords=\"\" data-show_filters=\"true\" data-show_pagination=\"false\" data-per_page=\"10\" data-orderby=\"meta_value\" data-order=\"ASC\" data-datetimes=\"\" data-categories=\"\" data-event_types=\"\" data-ticket_prices=\"\" data-event_online=\"\" >\r\n<form class=\"wpem-main wpem-form-wrapper wpem-event-filter-wrapper event_filters\" id=\"event_filters\">\r\n\t\t<div class=\"search_events search-form-container\">\r\n\t\t\t\t<div class=\"wpem-row\">\r\n\t\t\t<!-- Search by keywords section start -->\r\n\t\t\t<div class=\"wpem-col\">\r\n\t\t\t\t<!-- shows default keywords text field  start-->\r\n\t\t\t\t<div class=\"wpem-form-group\">\r\n\t\t\t\t\t<label for=\"search_keywords\" class=\"wpem-form-label\">Schl\u00fcsselw\u00f6rter<\/label>\r\n\t\t\t\t\t<input type=\"text\" name=\"search_keywords\" id=\"search_keywords\" placeholder=\"Schl\u00fcsselw\u00f6rter\" value=\"\" \/>\r\n\t\t\t\t<\/div>\r\n\t\t\t\t<!-- shows default keywords text field end -->\r\n\t\t\t<\/div>\r\n\t\t\t<!-- Search by keywords section end-->\r\n\r\n\t\t\t<!-- Search by location section start -->\r\n\t\t\t<div class=\"wpem-col\">\r\n\t\t\t\t<div class=\"wpem-form-group wpem-location-container\">\r\n\t\t\t\t\t<label for=\"search_location\" class=\"wpem-form-label\">Ort<\/label>\r\n\t\t\t\t\t<input type=\"text\" name=\"search_location\" id=\"search_location\" placeholder=\"Ort\" value=\"\" \/>\r\n\t\t\t\t<\/div>\r\n\t\t\t<\/div>\r\n\t\t\t<!-- Search by location section end -->\r\n\r\n\t\t\t<!-- Search by date section start -->\r\n\t\t\t\r\n\t\t\t\t<div class=\"wpem-col\">\r\n\t\t\t\t\t<div class=\"wpem-form-group\">\r\n\t\t\t\t\t\t<label for=\"search_datetimes\" class=\"wpem-form-label\">Beliebiges Datum<\/label>\r\n\t\t\t\t\t\t<input type=\"text\" name=\"search_datetimes[]\" id=\"search_datetimes\" value='' class=\"event-manager-category-dropdown date_range_picker\">\r\n\t\t\t\t\t<\/div>\r\n\t\t\t\t<\/div>\r\n\t\t\t\t\t\t<!-- Search by date section end -->\r\n\r\n\t\t<\/div> <!-- \/row -->\r\n\t\t<div class=\"wpem-row\">\r\n\t\t\t<!-- Search by event categories section start -->\r\n\t\t\t\t\t\t\t<div class=\"wpem-col\">\r\n\t\t\t\t\t<div class=\"wpem-form-group\">\r\n\t\t\t\t\t\t<label for=\"search_categories\" class=\"wpem-form-label\">Kategorie<\/label>\r\n\t\t\t\t\t\t<select name='search_categories[]' id='search_categories' class='event-manager-category-dropdown '  data-placeholder='Choose a Category' data-no_results_text='Keine Ergebnisse gefunden' data-multiple_text='Choose a Category'>\n<option value=\"\">Choose an Event Category<\/option>\t<option class=\"level-0\" value=\"business-professional\">Business &amp; Professional<\/option>\n\t<option class=\"level-0\" value=\"charity-causes\">Charity &amp; Causes<\/option>\n\t<option class=\"level-0\" value=\"community-culture\">Community &amp; Culture<\/option>\n\t<option class=\"level-0\" value=\"family-education\">Family &amp; Education<\/option>\n\t<option class=\"level-0\" value=\"fashion-beauty\">Fashion &amp; Beauty<\/option>\n\t<option class=\"level-0\" value=\"film-media-entertainment\">Film, Media &amp; Entertainment<\/option>\n\t<option class=\"level-0\" value=\"food-drink\">Food &amp; Drink<\/option>\n\t<option class=\"level-0\" value=\"game-or-competition\">Game or Competition<\/option>\n\t<option class=\"level-0\" value=\"other\">Other<\/option>\n\t<option class=\"level-0\" value=\"performing-visual-arts\">Performing &amp; Visual Arts<\/option>\n\t<option class=\"level-0\" value=\"science-technology\">Science &amp; Technology<\/option>\n\t<option class=\"level-0\" value=\"sports-fitness\">Sports &amp; Fitness<\/option>\n<\/select>\n\t\t\t\t\t<\/div>\r\n\t\t\t\t<\/div>\r\n\t\t\t\t\t\t<!-- Search by event categories section end -->\r\n\r\n\t\t\t<!-- Search by event type section start -->\r\n\t\t\t\t\t\t\t<div class=\"wpem-col\">\r\n\t\t\t\t\t<div class=\"wpem-form-group\">\r\n\t\t\t\t\t\t<label for=\"search_event_types\" class=\"wpem-form-label\">Veranstaltungsart<\/label>\r\n\t\t\t\t\t\t<select name='search_event_types[]' id='search_event_types' class='event-manager-category-dropdown '  data-placeholder='Choose an event type' data-no_results_text='Keine Ergebnisse gefunden' data-multiple_text='Choose an event type'>\n<option value=\"\">Choose an Event Type<\/option>\t<option class=\"level-0\" value=\"appearance-or-signing\">Appearance or Signing<\/option>\n\t<option class=\"level-0\" value=\"attraction\">Attraction<\/option>\n\t<option class=\"level-0\" value=\"camp-trip-or-retreat\">Camp, Trip, or Retreat<\/option>\n\t<option class=\"level-0\" value=\"class-training-or-workshop\">Class, Training, or Workshop<\/option>\n\t<option class=\"level-0\" value=\"concert-or-performance\">Concert or Performance<\/option>\n\t<option class=\"level-0\" value=\"conference\">Conference<\/option>\n\t<option class=\"level-0\" value=\"convention\">Convention<\/option>\n\t<option class=\"level-0\" value=\"dinner-or-gala\">Dinner or Gala<\/option>\n\t<option class=\"level-0\" value=\"festival-or-fair\">Festival or Fair<\/option>\n\t<option class=\"level-0\" value=\"game-or-competition\">Game or Competition<\/option>\n\t<option class=\"level-0\" value=\"meeting-or-networking-event\">Meeting or Networking Event<\/option>\n\t<option class=\"level-0\" value=\"other\">Other<\/option>\n\t<option class=\"level-0\" value=\"party-or-social-gathering\">Party or Social Gathering<\/option>\n\t<option class=\"level-0\" value=\"race-or-endurance-event\">Race or Endurance Event<\/option>\n\t<option class=\"level-0\" value=\"rally\">Rally<\/option>\n\t<option class=\"level-0\" value=\"screening\">Screening<\/option>\n\t<option class=\"level-0\" value=\"seminar-or-talk\">Seminar or Talk<\/option>\n\t<option class=\"level-0\" value=\"tour\">Tour<\/option>\n\t<option class=\"level-0\" value=\"tournament\">Tournament<\/option>\n\t<option class=\"level-0\" value=\"tradeshow-consumer-show-or-expo\">Tradeshow, Consumer Show or Expo<\/option>\n<\/select>\n\t\t\t\t\t<\/div>\r\n\t\t\t\t<\/div>\r\n\t\t\t\t\t\t<!-- Search by event type section end -->\r\n\t\t<\/div> <!-- \/row -->\r\n\r\n\t\t<div class=\"wpem-row\">\r\n    <!-- Search by map section section start -->\t\r\n    <div class=\"wpem-col\">\r\n        <div class=\"wpem-form-group\">\r\n            <label for=\"search_within_radius\" class=\"wpem-form-label\">Innerhalb<\/label>\r\n            <select name=\"search_within_radius[]\" id=\"search_within_radius\" class=\"event-manager-category-dropdown\" data-placeholder=\"Within\" data-no_results_text=\"Keine passenden Ergebnisse\" data-multiple_text=\"Bitte w\u00e4hlen Sie eine der Optionen\" >\r\n                <option value=\"\" >Innerhalb<\/option>\r\n                                    <option value=\"5\" >\r\n                        5                    <\/option>\r\n                                    <option value=\"10\" >\r\n                        10                    <\/option>\r\n                                    <option value=\"15\" >\r\n                        15                    <\/option>\r\n                                    <option value=\"25\" >\r\n                        25                    <\/option>\r\n                                    <option value=\"50\" >\r\n                        50                    <\/option>\r\n                                    <option value=\"100\" >\r\n                        100                    <\/option>\r\n                            <\/select>\r\n        <\/div>\r\n    <\/div>\r\n    \r\n    <div class=\"wpem-col\">\r\n        <div class=\"wpem-form-group\">\r\n            <label for=\"search_distance_units\" class=\"wpem-form-label\">Meilen<\/label>\r\n            <select name=\"search_distance_units[]\" id=\"search_distance_units\" class=\"event-manager-category-dropdown\" data-placeholder=\"Miles\" data-no_results_text=\"Keine passenden Ergebnisse\" data-multiple_text=\"Bitte w\u00e4hlen Sie eine der Optionen\" >\r\n                                    <option value=\"mi\" >\r\n                        Meilen                    <\/option>\r\n                                    <option value=\"km\" >\r\n                        Kilometer                    <\/option>\r\n                            <\/select>\r\n        <\/div>\r\n    <\/div>\r\n    \r\n    <div class=\"wpem-col\">\r\n        <div class=\"wpem-form-group\">\r\n            <label for=\"search_orderby\" class=\"wpem-form-label\">Sortieren nach<\/label>\r\n            <select name=\"search_orderby[]\" id=\"search_orderby\" class=\"event-manager-category-dropdown\" data-placeholder=\"Sort By\" data-no_results_text=\"Keine passenden Ergebnisse\" data-multiple_text=\"Bitte w\u00e4hlen Sie eine der Optionen\" >\r\n                <option value=\"\">Sortieren nach<\/option>\r\n                                                        <option value=\"distance\" >\r\n                        Distance                    <\/option>\r\n                                                        <option value=\"title\" >\r\n                        Title                    <\/option>\r\n                                                        <option value=\"featured\" >\r\n                        Featured                    <\/option>\r\n                                                        <option value=\"event_start_date\" >\r\n                        Event Start Date                    <\/option>\r\n                            <\/select>\r\n        <\/div>\r\n    <\/div>\r\n<\/div>\r\n<input type=\"hidden\" id=\"google_map_lat\" name=\"google_map_lat\" value=\"\" \/>\r\n<input type=\"hidden\" id=\"google_map_lng\" name=\"google_map_lng\" value=\"\" \/>\t\r\n\t<\/div>\r\n\t<div class=\"showing_applied_filters\"><\/div><\/form>\r\n<noscript>Dein Browser unterst\u00fctzt kein JavaScript oder es wurde deaktiviert. JavaScript muss aktiviert sein, um Eintr\u00e4ge anzeigen zu k\u00f6nnen.<\/noscript><div class=\"wpem-main wpem-event-listings-header\">\r\n    <div class=\"wpem-row\">\r\n        <div class=\"wpem-col wpem-col-12 wpem-col-sm-6 wpem-col-md-6 wpem-col-lg-8\">\r\n            <div class=\"wpem-event-listing-header-title\">\r\n                                    <h2 class=\"wpem-heading-text\">Veranstaltungen<\/h2>\r\n                            <\/div>\r\n        <\/div>\r\n        <div class=\"wpem-col wpem-col-12 wpem-col-sm-6 wpem-col-md-6 wpem-col-lg-4\">\r\n            <div class=\"wpem-event-layout-action-wrapper\">\r\n                <div class=\"wpem-event-layout-action\">\r\n                                                                    <div class=\"wpem-event-layout-icon wpem-event-box-layout\" title=\"Events Box View\" id=\"wpem-event-box-layout\"><i class=\"wpem-icon-stop2\"><\/i><\/div>\r\n                        <div class=\"wpem-event-layout-icon wpem-event-list-layout wpem-active-layout\" title=\"Events List View\" id=\"wpem-event-list-layout\"><i class=\"wpem-icon-menu\"><\/i><\/div>\r\n                        <div class=\"wpem-event-layout-icon wpem-event-calendar-layout\" id=\"wpem-event-calendar-layout\" title=\"Events Calendar View\"><i class=\"wpem-icon-calendar\"><\/i><\/div>                                    <\/div>\r\n            <\/div>\r\n        <\/div>\r\n    <\/div>\r\n<\/div>\r\n\r\n<!-- Event listing view -->\r\n<div class=\"event_listings_main\">\r\n    <div id=\"event-listing-view\" class=\"wpem-main wpem-event-listings event_listings wpem-event-listing-list-view\"><\/div>\r\n<div id=\"load_more_events_loader\"><a class=\"load_more_events\" id=\"load_more_events\" href=\"#\"><strong>Mehr Veranstaltungen laden<\/strong><\/a><\/div><\/div>\r\n<\/div>\n","protected":false},"excerpt":{"rendered":"","protected":false},"author":1,"featured_media":0,"parent":0,"menu_order":0,"comment_status":"closed","ping_status":"closed","template":"","meta":{"footnotes":""},"class_list":["post-7","page","type-page","status-publish","hentry"],"_links":{"self":[{"href":"https:\/\/ticket.tennisprojects.eu\/index.php?rest_route=\/wp\/v2\/pages\/7","targetHints":{"allow":["GET"]}}],"collection":[{"href":"https:\/\/ticket.tennisprojects.eu\/index.php?rest_route=\/wp\/v2\/pages"}],"about":[{"href":"https:\/\/ticket.tennisprojects.eu\/index.php?rest_route=\/wp\/v2\/types\/page"}],"author":[{"embeddable":true,"href":"https:\/\/ticket.tennisprojects.eu\/index.php?rest_route=\/wp\/v2\/users\/1"}],"replies":[{"embeddable":true,"href":"https:\/\/ticket.tennisprojects.eu\/index.php?rest_route=%2Fwp%2Fv2%2Fcomments&post=7"}],"version-history":[{"count":0,"href":"https:\/\/ticket.tennisprojects.eu\/index.php?rest_route=\/wp\/v2\/pages\/7\/revisions"}],"wp:attachment":[{"href":"https:\/\/ticket.tennisprojects.eu\/index.php?rest_route=%2Fwp%2Fv2%2Fmedia&parent=7"}],"curies":[{"name":"wp","href":"https:\/\/api.w.org\/{rel}","templated":true}]}}